{"id":270,"date":"2025-08-04T11:25:16","date_gmt":"2025-08-04T09:25:16","guid":{"rendered":"https:\/\/www.schirmer-electronic.de\/licht-tontechnik-leipzig\/?page_id=270"},"modified":"2025-08-04T11:38:00","modified_gmt":"2025-08-04T09:38:00","slug":"betrieb-dauerhaft-eingestellt","status":"publish","type":"page","link":"https:\/\/www.schirmer-electronic.de\/licht-tontechnik-leipzig\/","title":{"rendered":"Betrieb dauerhaft eingestellt"},"content":{"rendered":"<p data-start=\"185\" data-end=\"243\">Liebe Kunden, liebe Gesch\u00e4ftspartner,<\/p>\n<p data-start=\"245\" data-end=\"381\">die Firma <strong data-start=\"255\" data-end=\"307\">Schirmer-Electronic \u2013 Dipl.-Ing. G\u00fcnter Schirmer<\/strong> hat ihren Gesch\u00e4ftsbetrieb zum <strong data-start=\"339\" data-end=\"356\">31. Juli 2025<\/strong> vollst\u00e4ndig eingestellt.<\/p>\n<p data-start=\"383\" data-end=\"529\">Wir danken allen Wegbegleitern f\u00fcr das langj\u00e4hrige Vertrauen und die gute Zusammenarbeit in 4 Jahrzehnten Jahren Firmengeschichte.<\/p>\n<p data-start=\"792\" data-end=\"846\">Mit herzlichen Gr\u00fc\u00dfen<br data-start=\"813\" data-end=\"816\" \/><strong data-start=\"816\" data-end=\"846\">Dipl.-Ing. G\u00fcnter Schirmer<\/strong><\/p>\n","protected":false},"excerpt":{"rendered":"<p>Liebe Kunden, liebe Gesch\u00e4ftspartner, die Firma Schirmer-Electronic \u2013 Dipl.-Ing. G\u00fcnter Schirmer hat ihren Gesch\u00e4ftsbetrieb zum 31. Juli 2025 vollst\u00e4ndig eingestellt. Wir danken allen Wegbegleitern f\u00fcr das langj\u00e4hrige Vertrauen und die &#8230;<\/p>\n","protected":false},"author":1,"featured_media":0,"parent":0,"menu_order":0,"comment_status":"closed","ping_status":"closed","template":"","meta":{"footnotes":""},"_links":{"self":[{"href":"https:\/\/www.schirmer-electronic.de\/licht-tontechnik-leipzig\/wp-json\/wp\/v2\/pages\/270"}],"collection":[{"href":"https:\/\/www.schirmer-electronic.de\/licht-tontechnik-leipzig\/wp-json\/wp\/v2\/pages"}],"about":[{"href":"https:\/\/www.schirmer-electronic.de\/licht-tontechnik-leipzig\/wp-json\/wp\/v2\/types\/page"}],"author":[{"embeddable":true,"href":"https:\/\/www.schirmer-electronic.de\/licht-tontechnik-leipzig\/wp-json\/wp\/v2\/users\/1"}],"replies":[{"embeddable":true,"href":"https:\/\/www.schirmer-electronic.de\/licht-tontechnik-leipzig\/wp-json\/wp\/v2\/comments?post=270"}],"version-history":[{"count":2,"href":"https:\/\/www.schirmer-electronic.de\/licht-tontechnik-leipzig\/wp-json\/wp\/v2\/pages\/270\/revisions"}],"predecessor-version":[{"id":281,"href":"https:\/\/www.schirmer-electronic.de\/licht-tontechnik-leipzig\/wp-json\/wp\/v2\/pages\/270\/revisions\/281"}],"wp:attachment":[{"href":"https:\/\/www.schirmer-electronic.de\/licht-tontechnik-leipzig\/wp-json\/wp\/v2\/media?parent=270"}],"curies":[{"name":"wp","href":"https:\/\/api.w.org\/{rel}","templated":true}]}}